{"id":4451,"date":"2025-04-30T10:55:35","date_gmt":"2025-04-30T10:55:35","guid":{"rendered":"https:\/\/logixflow.logixgrid.com\/calendario-de-reuniones\/"},"modified":"2026-05-11T08:00:56","modified_gmt":"2026-05-11T08:00:56","slug":"calendario-de-reuniones","status":"publish","type":"page","link":"https:\/\/logixflow.logixgrid.com\/es\/calendario-de-reuniones\/","title":{"rendered":"Calendario de reuniones"},"content":{"rendered":"\t\t<div data-elementor-type=\"wp-page\" data-elementor-id=\"4451\" class=\"elementor elementor-4451 elementor-2591\">\n\t\t\t\t<div class=\"elementor-element elementor-element-3b9422d e-con-full meeting-page e-flex e-con e-parent\" data-id=\"3b9422d\" data-element_type=\"container\" data-settings=\"{&quot;background_background&quot;:&quot;classic&quot;}\">\n\t\t<div class=\"elementor-element elementor-element-29c8b0b e-con-full e-flex e-con e-child\" data-id=\"29c8b0b\" data-element_type=\"container\">\n\t\t<div class=\"elementor-element elementor-element-cb24fc7 e-con-full e-flex e-con e-child\" data-id=\"cb24fc7\" data-element_type=\"container\">\n\t\t\t\t<div class=\"elementor-element elementor-element-71c37bd elementor-widget elementor-widget-image\" data-id=\"71c37bd\" data-element_type=\"widget\" data-widget_type=\"image.default\">\n\t\t\t\t<div class=\"elementor-widget-container\">\n\t\t\t\t\t\t\t\t\t\t\t\t\t\t\t<img decoding=\"async\" src=\"https:\/\/logixflow.logixgrid.com\/wp-content\/uploads\/2025\/04\/Logo.png\" title=\"\" alt=\"\" loading=\"lazy\">\t\t\t\t\t\t\t\t\t\t\t\t\t\t\t<\/div>\n\t\t\t\t<\/div>\n\t\t\t\t<div class=\"elementor-element elementor-element-ae20adb elementor-widget elementor-widget-heading\" data-id=\"ae20adb\" data-element_type=\"widget\" data-widget_type=\"heading.default\">\n\t\t\t\t<div class=\"elementor-widget-container\">\n\t\t\t\t\t<h2 class=\"elementor-heading-title elementor-size-default\">Plataforma empresarial No-Code: Cree aplicaciones r\u00e1pidamente, ahorre costos de ingenier\u00eda.<\/h2>\t\t\t\t<\/div>\n\t\t\t\t<\/div>\n\t\t\t\t<div class=\"elementor-element elementor-element-f518668 elementor-widget elementor-widget-text-editor\" data-id=\"f518668\" data-element_type=\"widget\" data-widget_type=\"text-editor.default\">\n\t\t\t\t<div class=\"elementor-widget-container\">\n\t\t\t\t\t\t\t\t\t<link rel=\"icon\" href=\"https:\/\/logixflow.logixgrid.com\/wp-content\/uploads\/2025\/04\/favicon.png\" type=\"image\/x-icon\">\n<style>html{margin-top:0px !important}<\/style>\n\nTransforma tus ideas en aplicaciones de nivel empresarial en cuesti\u00f3n de horas, no de meses, sin escribir ni una sola l\u00ednea de c\u00f3digo. Dile adi\u00f3s a los desarrolladores costosos y dale la bienvenida a la innovaci\u00f3n mediante \u00abarrastrar y soltar\u00bb. \t\t\t\t\t\t\t\t<\/div>\n\t\t\t\t<\/div>\n\t\t\t\t<div class=\"elementor-element elementor-element-b0d5b4f elementor-widget elementor-widget-heading\" data-id=\"b0d5b4f\" data-element_type=\"widget\" data-widget_type=\"heading.default\">\n\t\t\t\t<div class=\"elementor-widget-container\">\n\t\t\t\t\t<h2 class=\"elementor-heading-title elementor-size-default\">Olv\u00eddate del c\u00f3digo, implementa soluciones hoy mismo.<\/h2>\t\t\t\t<\/div>\n\t\t\t\t<\/div>\n\t\t\t\t<div class=\"elementor-element elementor-element-e02cf48 elementor-widget elementor-widget-text-editor\" data-id=\"e02cf48\" data-element_type=\"widget\" data-widget_type=\"text-editor.default\">\n\t\t\t\t<div class=\"elementor-widget-container\">\n\t\t\t\t\t\t\t\t\t<strong>Construye de forma m\u00e1s inteligente. Ahorra m\u00e1s r\u00e1pido. Escala sin esfuerzo.  <\/strong>\n<ul style=\"margin-top: 10px;\">\n \t<li><strong>Formularios:<\/strong> Dise\u00f1a formularios din\u00e1micos en minutos.<\/li>\n \t<li><strong>Modelos de datos:<\/strong> Gestione bases de datos complejas visualmente.<\/li>\n \t<li><strong>Studio:<\/strong> Arrastra, suelta y despliega aplicaciones personalizadas.<\/li>\n \t<li><strong>IA:<\/strong> Permita que la IA analice datos y l\u00f3gica de predicados, y automatice procesos.<\/li>\n<\/ul>\n\t\t\t\t\t\t\t\t<\/div>\n\t\t\t\t<\/div>\n\t\t\t\t<\/div>\n\t\t<div class=\"elementor-element elementor-element-79e3991 e-con-full e-flex e-con e-child\" data-id=\"79e3991\" data-element_type=\"container\">\n\t\t<div class=\"elementor-element elementor-element-b7f97ef e-con-full e-flex e-con e-child\" data-id=\"b7f97ef\" data-element_type=\"container\" data-settings=\"{&quot;background_background&quot;:&quot;classic&quot;}\">\n\t\t\t\t<div class=\"elementor-element elementor-element-ef304f6 elementor-widget elementor-widget-text-editor\" data-id=\"ef304f6\" data-element_type=\"widget\" data-widget_type=\"text-editor.default\">\n\t\t\t\t<div class=\"elementor-widget-container\">\n\t\t\t\t\t\t\t\t\t<div class=\"demo-form-heading\">Agenda una demostraci\u00f3n de 30 minutos ahora.<\/div>\n<div class=\"fw-bold\">Vea c\u00f3mo la IA acelera el desarrollo.<\/div>\n<div class=\"fw-normal\">Ahorre m\u00e1s del 60% en costos de desarrollo. Int\u00e9grese con su CRM, ERP y herramientas al instante. <\/div>\t\t\t\t\t\t\t\t<\/div>\n\t\t\t\t<\/div>\n\t\t\t\t<div class=\"elementor-element elementor-element-5cdaffd elementor-widget elementor-widget-text-editor\" data-id=\"5cdaffd\" data-element_type=\"widget\" data-widget_type=\"text-editor.default\">\n\t\t\t\t<div class=\"elementor-widget-container\">\n\t\t\t\t\t\t\t\t\t<script type=\"text\/javascript\" src=\"https:\/\/assets.apollo.io\/js\/meetings\/meetings-widget.js\" onload='window.ApolloMeetings.initWidget({appId: \"6811fc6c8b7b58001d72c841\", schedulingLink: \"7qk-ues-a9b\"})' defer><\/script>\n<script>\ndocument.addEventListener('DOMContentLoaded', function() {const apolloForm = document.getElementById('scheduleADemoForm');\nif(apolloForm){ apolloForm.onsubmit = function(event) {\nevent.preventDefault();    window.ApolloMeetings.submit();return false;\n      };\n    }\n  });\n<\/script>\n\n<style>.input-group label{color: black;font-size:14px}<\/style>\n\n<form id=\"scheduleADemoForm\">\n<div class=\"w-100\">\n<div class=\"common-form-box\">\n<div class=\"row gy-4\">\n<div class=\"col-lg-6\">\n<div class=\"input-group d-block\">\n\n<label>Nombre completo<\/label>\n<div><input class=\"form-control\" name=\"name\" required=\"true\" type=\"text\"><\/div>\n<\/div>\n<\/div>\n<div class=\"col-lg-6\">\n<div class=\"input-group d-block\">\n\n<label>Correo electr\u00f3nico de trabajo<\/label>\n<div><input class=\"form-control\" name=\"email\" required=\"true\" type=\"email\"><\/div>\n<\/div>\n<\/div>\n<div class=\"col-lg-6\" style=\"margin-top: 0.5rem;\">\n<div class=\"input-group d-block\">\n\n<label>N\u00famero de tel\u00e9fono<\/label>\n<div><input class=\"form-control\" name=\"phone\" type=\"tel\"><\/div>\n<\/div>\n<\/div>\n<div class=\"col-lg-6\" style=\"margin-top: 0.5rem;\">\n<div class=\"input-group d-block\">\n\n<label>nombre de empresa<\/label>\n<div><input class=\"form-control\" name=\"company\" type=\"text\"><\/div>\n<\/div>\n<\/div>\n<div class=\"col-lg-6\" style=\"margin-top: 0.5rem;\">\n<div class=\"input-group d-block\">\n\n<label>Tama\u00f1o de la empresa<\/label>\n<div><select class=\"form-select\" name=\"size\">\n<option value=\"\"><\/option>\n<option value=\"1-50\">1-50<\/option>\n<option value=\"51-200\">51-200<\/option>\n<option value=\"201-1000\">201-1000<\/option>\n<option value=\"1000+\">M\u00e1s de 1000<\/option>\n<\/select><\/div>\n<\/div>\n<\/div>\n<div class=\"col-lg-12\"><input class=\"btn btn-primary w-100\" name=\"submit\" type=\"submit\" value=\"Cronograma\"><\/div>\n<\/div>\n<\/div>\n<\/div>\n<\/form>\t\t\t\t\t\t\t\t<\/div>\n\t\t\t\t<\/div>\n\t\t\t\t<div class=\"elementor-element elementor-element-fff823c elementor-widget elementor-widget-text-editor\" data-id=\"fff823c\" data-element_type=\"widget\" data-widget_type=\"text-editor.default\">\n\t\t\t\t<div class=\"elementor-widget-container\">\n\t\t\t\t\t\t\t\t\t<div class=\"text-secondary mb-2\">100% seguro. No se requieren conocimientos de programaci\u00f3n.* <\/div><div class=\"fw-bolder\">\u00bfPor qu\u00e9 contratar desarrolladores por 150.000 $ al a\u00f1o cuando puedes construirlo t\u00fa mismo en un d\u00eda?<\/div><div class=\"fw-bolder\">Empieza gratis. Escala de forma inteligente. Listo para empresas.  <\/div>\t\t\t\t\t\t\t\t<\/div>\n\t\t\t\t<\/div>\n\t\t\t\t<\/div>\n\t\t\t\t<\/div>\n\t\t\t\t<\/div>\n\t\t<div class=\"elementor-element elementor-element-c0eafd5 e-con-full e-flex e-con e-child\" data-id=\"c0eafd5\" data-element_type=\"container\" data-settings=\"{&quot;background_background&quot;:&quot;classic&quot;,&quot;position&quot;:&quot;absolute&quot;}\">\n\t\t\t\t<div class=\"elementor-element elementor-element-4ccdf30 elementor-widget elementor-widget-text-editor\" data-id=\"4ccdf30\" data-element_type=\"widget\" data-widget_type=\"text-editor.default\">\n\t\t\t\t<div class=\"elementor-widget-container\">\n\t\t\t\t\t\t\t\t\t<p>\u00a9 2025 LogixGrid Technologies (Canada) Inc. Todos los derechos reservados. <\/p>\t\t\t\t\t\t\t\t<\/div>\n\t\t\t\t<\/div>\n\t\t\t\t<\/div>\n\t\t\t\t<\/div>\n\t\t\t\t<\/div>\n\t\t","protected":false},"excerpt":{"rendered":"<p>Plataforma empresarial No-Code: Cree aplicaciones r\u00e1pidamente, ahorre costos de ingenier\u00eda. html{margin-top:0px !important} Transforma tus ideas en aplicaciones de nivel empresarial en cuesti\u00f3n de horas, no&hellip;<\/p>\n","protected":false},"author":1,"featured_media":0,"parent":0,"menu_order":0,"comment_status":"closed","ping_status":"closed","template":"elementor_canvas","meta":{"om_disable_all_campaigns":false,"_monsterinsights_skip_tracking":false,"_monsterinsights_sitenote_active":false,"_monsterinsights_sitenote_note":"","_monsterinsights_sitenote_category":0,"footnotes":""},"class_list":["post-4451","page","type-page","status-publish","hentry"],"_links":{"self":[{"href":"https:\/\/logixflow.logixgrid.com\/es\/wp-json\/wp\/v2\/pages\/4451","targetHints":{"allow":["GET"]}}],"collection":[{"href":"https:\/\/logixflow.logixgrid.com\/es\/wp-json\/wp\/v2\/pages"}],"about":[{"href":"https:\/\/logixflow.logixgrid.com\/es\/wp-json\/wp\/v2\/types\/page"}],"author":[{"embeddable":true,"href":"https:\/\/logixflow.logixgrid.com\/es\/wp-json\/wp\/v2\/users\/1"}],"replies":[{"embeddable":true,"href":"https:\/\/logixflow.logixgrid.com\/es\/wp-json\/wp\/v2\/comments?post=4451"}],"version-history":[{"count":2,"href":"https:\/\/logixflow.logixgrid.com\/es\/wp-json\/wp\/v2\/pages\/4451\/revisions"}],"predecessor-version":[{"id":4454,"href":"https:\/\/logixflow.logixgrid.com\/es\/wp-json\/wp\/v2\/pages\/4451\/revisions\/4454"}],"wp:attachment":[{"href":"https:\/\/logixflow.logixgrid.com\/es\/wp-json\/wp\/v2\/media?parent=4451"}],"curies":[{"name":"wp","href":"https:\/\/api.w.org\/{rel}","templated":true}]}}